{"id":3251,"date":"2017-04-22T20:21:37","date_gmt":"2017-04-22T20:21:37","guid":{"rendered":"https:\/\/foa-law.com\/?page_id=3251"},"modified":"2017-06-10T16:47:21","modified_gmt":"2017-06-10T16:47:21","slug":"abogados-metodos-alternos-resolucion-conflictos","status":"publish","type":"page","link":"https:\/\/foa-law.com\/en\/abogados-metodos-alternos-resolucion-conflictos\/","title":{"rendered":"ALTERNATE DISPUTE RESOLUTION METHODS"},"content":{"rendered":"<div id=\"pl-3251\"  class=\"panel-layout\" >\n<div id=\"pg-3251-0\"  class=\"panel-grid panel-no-style\"  data-style=\"{&quot;background_display&quot;:&quot;tile&quot;,&quot;lsow_dark_bg&quot;:&quot;&quot;,&quot;img-hover&quot;:&quot;&quot;,&quot;parallax&quot;:&quot;&quot;}\" >\n<div id=\"pgc-3251-0-0\"  class=\"panel-grid-cell\"  data-weight=\"1\" >\n<div id=\"panel-3251-0-0-0\" class=\"so-panel widget widget_sow-editor panel-first-child panel-last-child\" data-index=\"0\" data-style=\"{&quot;background_display&quot;:&quot;tile&quot;}\" >\n<div class=\"so-widget-sow-editor so-widget-sow-editor-base\">\n<div class=\"siteorigin-widget-tinymce textwidget\">\n<h1 class=\"lsow-title\" style=\"text-align: left;\"><span style=\"color: #000000; font-size: 24pt;\">M\u00c9TODOS ALTERNOS DE RESOLUCI\u00d3N DE CONFLICTOS<\/span><\/h1>\n<p style=\"text-align: justify;\"><span style=\"font-size: 14pt;\">Nuestro equipo posee una s\u00f3lida formaci\u00f3n especializada en M\u00e9todos Alternos de Resoluci\u00f3n de Conflictos (MARC). Contamos con abogados que fungen como \u00e1rbitros adscritos a centros de resoluci\u00f3n alterna de conflictos, tanto en el aspecto nacional como internacional.<\/span><\/p>\n<p style=\"text-align: justify;\"><span style=\"font-size: 14pt;\">Francisco Ortega &amp; Asociados apuesta por un enfoque de asesoramiento previo, analizando en cada caso la conveniencia de incluir cl\u00e1usulas compromisorias (negociaci\u00f3n directa, mediaci\u00f3n, y arbitraje) en los contratos mercantiles tras valorar las ventajas que pueden resultar de emplear este m\u00e9todo de cara a posibles disputas. Llevamos de la mano a nuestros apreciables clientes durante los conflictos y procesos arbitrales, ofreci\u00e9ndoles el mayor de nuestros activos: La experiencia.<\/span><\/p>\n<p style=\"text-align: justify;\"><span style=\"font-size: 14pt;\">Servicios personalizados, integrales y de calidad distinguen a Francisco Ortega &amp; Asociados de otras firmas legales.<\/span><\/p>\n<hr \/>\n<h1 style=\"color: !important; font-size: 24px !important; text-align: left; font-style: normal;\">\u00bfQu\u00e9 le ayudamos a resolver?<\/h1>\n<\/div>\n<\/div>\n<\/div>\n<\/div>\n<\/div>\n<div id=\"pg-3251-1\"  class=\"panel-grid panel-no-style\"  data-style=\"{&quot;background_display&quot;:&quot;fixed&quot;,&quot;lsow_dark_bg&quot;:&quot;&quot;,&quot;img-hover&quot;:&quot;&quot;,&quot;parallax&quot;:&quot;&quot;,&quot;gutter&quot;:&quot;20px&quot;}\" >\n<div id=\"pgc-3251-1-0\"  class=\"panel-grid-cell\"  data-weight=\"0.6\" >\n<div id=\"panel-3251-1-0-0\" class=\"so-panel widget widget_sow-editor panel-first-child panel-last-child\" data-index=\"1\" data-style=\"{&quot;padding&quot;:&quot;10px 10px 10px 10px&quot;,&quot;background&quot;:&quot;#f4f4f4&quot;,&quot;background_display&quot;:&quot;tile&quot;,&quot;border_color&quot;:&quot;#d8d8d8&quot;}\" >\n<div class=\"panel-widget-style panel-widget-style-for-3251-1-0-0\" >\n<div class=\"so-widget-sow-editor so-widget-sow-editor-base\">\n<div class=\"siteorigin-widget-tinymce textwidget\">\n<p style=\"font-size: 14pt;\">\u00bb Elaboraci\u00f3n de pactos arbitrales o cl\u00e1usulas compromisorias.<\/p>\n<p><span style=\"font-size: 14pt;\">\u00bb Negociaci\u00f3n directa.<\/span><\/p>\n<p><span style=\"font-size: 14pt;\">\u00bb Procesos de Arbitraje Nacional e Internacional en temas de diversa naturaleza (contratos mercantiles, civiles, administrativos, conflictos entre accionistas o entre \u00e9stos y los \u00f3rganos corporativos, etc.).<\/span><\/p>\n<\/div>\n<\/div>\n<\/div>\n<\/div>\n<\/div>\n<div id=\"pgc-3251-1-1\"  class=\"panel-grid-cell\"  data-weight=\"0.4\" >\n<div id=\"panel-3251-1-1-0\" class=\"so-panel widget widget_siteorigin-panels-builder panel-first-child panel-last-child\" data-index=\"2\" data-style=\"{&quot;background_display&quot;:&quot;center&quot;,&quot;font_color&quot;:&quot;#ffffff&quot;}\" >\n<div class=\"panel-widget-style panel-widget-style-for-3251-1-1-0\" >\n<div id=\"pl-w58f671166f425\"  class=\"panel-layout\" >\n<div id=\"pg-w58f671166f425-0\"  class=\"panel-grid panel-has-style\"  data-style=\"{&quot;id&quot;:&quot;&quot;,&quot;class&quot;:&quot;&quot;,&quot;cell_class&quot;:&quot;&quot;,&quot;row_css&quot;:&quot;&quot;,&quot;bottom_margin&quot;:&quot;&quot;,&quot;gutter&quot;:&quot;&quot;,&quot;padding&quot;:&quot;0px 0px 0px 0px&quot;,&quot;mobile_padding&quot;:&quot;&quot;,&quot;row_stretch&quot;:&quot;&quot;,&quot;collapse_order&quot;:&quot;&quot;,&quot;top_padding&quot;:&quot;&quot;,&quot;bottom_padding&quot;:&quot;&quot;,&quot;tablet_top_padding&quot;:&quot;&quot;,&quot;tablet_bottom_padding&quot;:&quot;&quot;,&quot;mobile_top_padding&quot;:&quot;&quot;,&quot;mobile_bottom_padding&quot;:&quot;&quot;,&quot;background&quot;:&quot;&quot;,&quot;background_image_attachment&quot;:&quot;0&quot;,&quot;background_display&quot;:&quot;tile&quot;,&quot;border_color&quot;:&quot;#ffffff&quot;}\" >\n<div class=\"panel-row-style panel-row-style-for-w58f671166f425-0\" >\n<div id=\"pgc-w58f671166f425-0-0\"  class=\"panel-grid-cell\"  data-weight=\"1\" >\n<div id=\"panel-w58f671166f425-0-0-0\" class=\"so-panel widget widget_sow-editor panel-first-child\" data-index=\"0\" data-style=\"{&quot;class&quot;:&quot;&quot;,&quot;widget_css&quot;:&quot;&quot;,&quot;padding&quot;:&quot;0px 0px 0px 0px&quot;,&quot;mobile_padding&quot;:&quot;&quot;,&quot;background&quot;:&quot;&quot;,&quot;background_image_attachment&quot;:&quot;0&quot;,&quot;background_display&quot;:&quot;tile&quot;,&quot;border_color&quot;:&quot;&quot;,&quot;font_color&quot;:&quot;#ffffff&quot;,&quot;link_color&quot;:&quot;&quot;}\" >\n<div class=\"panel-widget-style panel-widget-style-for-w58f671166f425-0-0-0\" >\n<div class=\"so-widget-sow-editor so-widget-sow-editor-base\">\n<div class=\"siteorigin-widget-tinymce textwidget\">\n<p style=\"text-align: center;\"><span style=\"font-size: 14pt; color: #ffffff;\"><strong>\u00bfTIENES ALGUNA DUDA O CONSULTA?<\/strong><\/span><\/p>\n<p style=\"text-align: center;\"><span style=\"color: #ffffff;\">Le asesoramos en cada detalle de su caso.<\/span><\/p>\n<\/div>\n<\/div>\n<\/div>\n<\/div>\n<div id=\"panel-w58f671166f425-0-0-1\" class=\"so-panel widget widget_sow-button panel-last-child\" data-index=\"1\" data-style=\"{&quot;class&quot;:&quot;&quot;,&quot;widget_css&quot;:&quot;&quot;,&quot;padding&quot;:&quot;&quot;,&quot;mobile_padding&quot;:&quot;&quot;,&quot;background&quot;:&quot;&quot;,&quot;background_image_attachment&quot;:&quot;0&quot;,&quot;background_display&quot;:&quot;tile&quot;,&quot;border_color&quot;:&quot;&quot;,&quot;font_color&quot;:&quot;&quot;,&quot;link_color&quot;:&quot;&quot;}\" >\n<div class=\"so-widget-sow-button so-widget-sow-button-wire-6c39684028c4\">\n<div class=\"ow-button-base ow-button-align-center\">\n\t<a href=\"mailto:info@foa-law.com\" class=\" ow-button-hover\" target=\"_blank\" ><br \/>\n\t\t<span><\/p>\n<p>\t\t\tCONT\u00c1CTENOS\t\t<\/span><br \/>\n\t<\/a>\n<\/div>\n<\/div>\n<\/div>\n<\/div>\n<\/div>\n<\/div>\n<\/div>\n<\/div>\n<\/div>\n<\/div>\n<\/div>\n<div id=\"pg-3251-2\"  class=\"panel-grid panel-no-style\"  data-style=\"{&quot;background_display&quot;:&quot;tile&quot;,&quot;lsow_dark_bg&quot;:&quot;&quot;,&quot;img-hover&quot;:&quot;&quot;,&quot;parallax&quot;:&quot;&quot;,&quot;bottom_margin&quot;:&quot;-10px&quot;}\" >\n<div id=\"pgc-3251-2-0\"  class=\"panel-grid-cell\"  data-weight=\"1\" >\n<div id=\"panel-3251-2-0-0\" class=\"so-panel widget widget_sow-editor panel-first-child panel-last-child\" data-index=\"3\" data-style=\"{&quot;background_display&quot;:&quot;tile&quot;}\" >\n<div class=\"so-widget-sow-editor so-widget-sow-editor-base\">\n<div class=\"siteorigin-widget-tinymce textwidget\">\n<hr \/>\n<p style=\"text-align: left;\"><span style=\"font-size: 24pt;\">Suscr\u00edbete a nuestro bolet\u00edn<\/span><\/p>\n<\/div>\n<\/div>\n<\/div>\n<\/div>\n<\/div>\n<div id=\"pg-3251-3\"  class=\"panel-grid panel-has-style\"  data-style=\"{&quot;padding&quot;:&quot;20px 0px 20px 0px&quot;,&quot;background&quot;:&quot;#efefef&quot;,&quot;background_display&quot;:&quot;tile&quot;,&quot;lsow_dark_bg&quot;:&quot;&quot;,&quot;img-hover&quot;:&quot;&quot;,&quot;parallax&quot;:&quot;&quot;}\" >\n<div class=\"panel-row-style panel-row-style-for-3251-3\" >\n<div id=\"pgc-3251-3-0\"  class=\"panel-grid-cell\"  data-weight=\"1\" >\n<div id=\"panel-3251-3-0-0\" class=\"so-panel widget widget_sow-editor panel-first-child panel-last-child\" data-index=\"4\" data-style=\"{&quot;background_display&quot;:&quot;tile&quot;}\" >\n<div class=\"so-widget-sow-editor so-widget-sow-editor-base\">\n<div class=\"siteorigin-widget-tinymce textwidget\">\n<p style=\"text-align: center;\">[contact-form-7 id=\u00bb3206&#8243; title=\u00bbprueba\u00bb]<\/p>\n<\/div>\n<\/div>\n<\/div>\n<\/div>\n<\/div>\n<\/div>\n<\/div>\n","protected":false},"excerpt":{"rendered":"<p>M\u00c9TODOS ALTERNOS DE RESOLUCI\u00d3N DE CONFLICTOS Nuestro equipo posee una s\u00f3lida formaci\u00f3n especializada en M\u00e9todos Alternos de Resoluci\u00f3n de Conflictos (MARC). Contamos con abogados que fungen como \u00e1rbitros adscritos a centros de resoluci\u00f3n alterna de conflictos, tanto en el aspecto nacional como internacional. Francisco Ortega &amp; Asociados apuesta por un enfoque de asesoramiento previo, analizando [&hellip;]<\/p>\n","protected":false},"author":4,"featured_media":0,"parent":0,"menu_order":0,"comment_status":"closed","ping_status":"closed","template":"","meta":{"footnotes":""},"class_list":["post-3251","page","type-page","status-publish","hentry"],"yoast_head":"<!-- This site is optimized with the Yoast SEO plugin v27.2 - https:\/\/yoast.com\/product\/yoast-seo-wordpress\/ -->\n<title>M\u00e9todos Alternos de Resoluci\u00f3n de Conflictos (MARC) | Francisco Ortega &amp; Asociados<\/title>\n<meta name=\"robots\" content=\"index, follow, max-snippet:-1, max-image-preview:large, max-video-preview:-1\" \/>\n<link rel=\"canonical\" href=\"https:\/\/foa-law.com\/en\/abogados-metodos-alternos-resolucion-conflictos\/\" \/>\n<meta property=\"og:locale\" content=\"en_US\" \/>\n<meta property=\"og:type\" content=\"article\" \/>\n<meta property=\"og:title\" content=\"M\u00e9todos Alternos de Resoluci\u00f3n de Conflictos (MARC) | Francisco Ortega &amp; Asociados\" \/>\n<meta property=\"og:description\" content=\"M\u00c9TODOS ALTERNOS DE RESOLUCI\u00d3N DE CONFLICTOS Nuestro equipo posee una s\u00f3lida formaci\u00f3n especializada en M\u00e9todos Alternos de Resoluci\u00f3n de Conflictos (MARC). Contamos con abogados que fungen como \u00e1rbitros adscritos a centros de resoluci\u00f3n alterna de conflictos, tanto en el aspecto nacional como internacional. Francisco Ortega &amp; Asociados apuesta por un enfoque de asesoramiento previo, analizando [&hellip;]\" \/>\n<meta property=\"og:url\" content=\"https:\/\/foa-law.com\/en\/abogados-metodos-alternos-resolucion-conflictos\/\" \/>\n<meta property=\"og:site_name\" content=\"Francisco Ortega &amp; Asociados\" \/>\n<meta property=\"article:publisher\" content=\"https:\/\/www.facebook.com\/Francisco-Ortega-Asociados-444015179291523\/\" \/>\n<meta property=\"article:modified_time\" content=\"2017-06-10T16:47:21+00:00\" \/>\n<meta name=\"twitter:card\" content=\"summary_large_image\" \/>\n<meta name=\"twitter:label1\" content=\"Est. reading time\" \/>\n\t<meta name=\"twitter:data1\" content=\"1 minute\" \/>\n<script type=\"application\/ld+json\" class=\"yoast-schema-graph\">{\"@context\":\"https:\/\/schema.org\",\"@graph\":[{\"@type\":\"WebPage\",\"@id\":\"https:\/\/foa-law.com\/abogados-metodos-alternos-resolucion-conflictos\/\",\"url\":\"https:\/\/foa-law.com\/abogados-metodos-alternos-resolucion-conflictos\/\",\"name\":\"M\u00e9todos Alternos de Resoluci\u00f3n de Conflictos (MARC) | Francisco Ortega & Asociados\",\"isPartOf\":{\"@id\":\"https:\/\/foa-law.com\/en\/#website\"},\"datePublished\":\"2017-04-22T20:21:37+00:00\",\"dateModified\":\"2017-06-10T16:47:21+00:00\",\"breadcrumb\":{\"@id\":\"https:\/\/foa-law.com\/abogados-metodos-alternos-resolucion-conflictos\/#breadcrumb\"},\"inLanguage\":\"en-US\",\"potentialAction\":[{\"@type\":\"ReadAction\",\"target\":[\"https:\/\/foa-law.com\/abogados-metodos-alternos-resolucion-conflictos\/\"]}]},{\"@type\":\"BreadcrumbList\",\"@id\":\"https:\/\/foa-law.com\/abogados-metodos-alternos-resolucion-conflictos\/#breadcrumb\",\"itemListElement\":[{\"@type\":\"ListItem\",\"position\":1,\"name\":\"Portada\",\"item\":\"https:\/\/foa-law.com\/\"},{\"@type\":\"ListItem\",\"position\":2,\"name\":\"M\u00e9todos Alternos de Resoluci\u00f3n de Conflictos (MARC)\"}]},{\"@type\":\"WebSite\",\"@id\":\"https:\/\/foa-law.com\/en\/#website\",\"url\":\"https:\/\/foa-law.com\/en\/\",\"name\":\"Francisco Ortega &amp; Asociados\",\"description\":\"\",\"publisher\":{\"@id\":\"https:\/\/foa-law.com\/en\/#organization\"},\"potentialAction\":[{\"@type\":\"SearchAction\",\"target\":{\"@type\":\"EntryPoint\",\"urlTemplate\":\"https:\/\/foa-law.com\/en\/?s={search_term_string}\"},\"query-input\":{\"@type\":\"PropertyValueSpecification\",\"valueRequired\":true,\"valueName\":\"search_term_string\"}}],\"inLanguage\":\"en-US\"},{\"@type\":\"Organization\",\"@id\":\"https:\/\/foa-law.com\/en\/#organization\",\"name\":\"Francisco Ortega & Asociados\",\"url\":\"https:\/\/foa-law.com\/en\/\",\"logo\":{\"@type\":\"ImageObject\",\"inLanguage\":\"en-US\",\"@id\":\"https:\/\/foa-law.com\/en\/#\/schema\/logo\/image\/\",\"url\":\"https:\/\/foa-law.com\/wp-content\/uploads\/2017\/04\/foa-logo-nuevo.png\",\"contentUrl\":\"https:\/\/foa-law.com\/wp-content\/uploads\/2017\/04\/foa-logo-nuevo.png\",\"width\":270,\"height\":54,\"caption\":\"Francisco Ortega & Asociados\"},\"image\":{\"@id\":\"https:\/\/foa-law.com\/en\/#\/schema\/logo\/image\/\"},\"sameAs\":[\"https:\/\/www.facebook.com\/Francisco-Ortega-Asociados-444015179291523\/\",\"https:\/\/www.linkedin.com\/company-beta\/11106508\/\"]}]}<\/script>\n<!-- \/ Yoast SEO plugin. -->","yoast_head_json":{"title":"M\u00e9todos Alternos de Resoluci\u00f3n de Conflictos (MARC) | Francisco Ortega & Asociados","robots":{"index":"index","follow":"follow","max-snippet":"max-snippet:-1","max-image-preview":"max-image-preview:large","max-video-preview":"max-video-preview:-1"},"canonical":"https:\/\/foa-law.com\/en\/abogados-metodos-alternos-resolucion-conflictos\/","og_locale":"en_US","og_type":"article","og_title":"M\u00e9todos Alternos de Resoluci\u00f3n de Conflictos (MARC) | Francisco Ortega & Asociados","og_description":"M\u00c9TODOS ALTERNOS DE RESOLUCI\u00d3N DE CONFLICTOS Nuestro equipo posee una s\u00f3lida formaci\u00f3n especializada en M\u00e9todos Alternos de Resoluci\u00f3n de Conflictos (MARC). Contamos con abogados que fungen como \u00e1rbitros adscritos a centros de resoluci\u00f3n alterna de conflictos, tanto en el aspecto nacional como internacional. Francisco Ortega &amp; Asociados apuesta por un enfoque de asesoramiento previo, analizando [&hellip;]","og_url":"https:\/\/foa-law.com\/en\/abogados-metodos-alternos-resolucion-conflictos\/","og_site_name":"Francisco Ortega &amp; Asociados","article_publisher":"https:\/\/www.facebook.com\/Francisco-Ortega-Asociados-444015179291523\/","article_modified_time":"2017-06-10T16:47:21+00:00","twitter_card":"summary_large_image","twitter_misc":{"Est. reading time":"1 minute"},"schema":{"@context":"https:\/\/schema.org","@graph":[{"@type":"WebPage","@id":"https:\/\/foa-law.com\/abogados-metodos-alternos-resolucion-conflictos\/","url":"https:\/\/foa-law.com\/abogados-metodos-alternos-resolucion-conflictos\/","name":"M\u00e9todos Alternos de Resoluci\u00f3n de Conflictos (MARC) | Francisco Ortega & Asociados","isPartOf":{"@id":"https:\/\/foa-law.com\/en\/#website"},"datePublished":"2017-04-22T20:21:37+00:00","dateModified":"2017-06-10T16:47:21+00:00","breadcrumb":{"@id":"https:\/\/foa-law.com\/abogados-metodos-alternos-resolucion-conflictos\/#breadcrumb"},"inLanguage":"en-US","potentialAction":[{"@type":"ReadAction","target":["https:\/\/foa-law.com\/abogados-metodos-alternos-resolucion-conflictos\/"]}]},{"@type":"BreadcrumbList","@id":"https:\/\/foa-law.com\/abogados-metodos-alternos-resolucion-conflictos\/#breadcrumb","itemListElement":[{"@type":"ListItem","position":1,"name":"Portada","item":"https:\/\/foa-law.com\/"},{"@type":"ListItem","position":2,"name":"M\u00e9todos Alternos de Resoluci\u00f3n de Conflictos (MARC)"}]},{"@type":"WebSite","@id":"https:\/\/foa-law.com\/en\/#website","url":"https:\/\/foa-law.com\/en\/","name":"Francisco Ortega &amp; Associates","description":"","publisher":{"@id":"https:\/\/foa-law.com\/en\/#organization"},"potentialAction":[{"@type":"SearchAction","target":{"@type":"EntryPoint","urlTemplate":"https:\/\/foa-law.com\/en\/?s={search_term_string}"},"query-input":{"@type":"PropertyValueSpecification","valueRequired":true,"valueName":"search_term_string"}}],"inLanguage":"en-US"},{"@type":"Organization","@id":"https:\/\/foa-law.com\/en\/#organization","name":"Francisco Ortega & Asociados","url":"https:\/\/foa-law.com\/en\/","logo":{"@type":"ImageObject","inLanguage":"en-US","@id":"https:\/\/foa-law.com\/en\/#\/schema\/logo\/image\/","url":"https:\/\/foa-law.com\/wp-content\/uploads\/2017\/04\/foa-logo-nuevo.png","contentUrl":"https:\/\/foa-law.com\/wp-content\/uploads\/2017\/04\/foa-logo-nuevo.png","width":270,"height":54,"caption":"Francisco Ortega & Asociados"},"image":{"@id":"https:\/\/foa-law.com\/en\/#\/schema\/logo\/image\/"},"sameAs":["https:\/\/www.facebook.com\/Francisco-Ortega-Asociados-444015179291523\/","https:\/\/www.linkedin.com\/company-beta\/11106508\/"]}]}},"_links":{"self":[{"href":"https:\/\/foa-law.com\/en\/wp-json\/wp\/v2\/pages\/3251","targetHints":{"allow":["GET"]}}],"collection":[{"href":"https:\/\/foa-law.com\/en\/wp-json\/wp\/v2\/pages"}],"about":[{"href":"https:\/\/foa-law.com\/en\/wp-json\/wp\/v2\/types\/page"}],"author":[{"embeddable":true,"href":"https:\/\/foa-law.com\/en\/wp-json\/wp\/v2\/users\/4"}],"replies":[{"embeddable":true,"href":"https:\/\/foa-law.com\/en\/wp-json\/wp\/v2\/comments?post=3251"}],"version-history":[{"count":0,"href":"https:\/\/foa-law.com\/en\/wp-json\/wp\/v2\/pages\/3251\/revisions"}],"wp:attachment":[{"href":"https:\/\/foa-law.com\/en\/wp-json\/wp\/v2\/media?parent=3251"}],"curies":[{"name":"wp","href":"https:\/\/api.w.org\/{rel}","templated":true}]}}